{"id":98,"date":"2021-05-08T15:21:32","date_gmt":"2021-05-08T13:21:32","guid":{"rendered":"http:\/\/jaussaud-expert.com\/?page_id=98"},"modified":"2021-05-08T15:21:32","modified_gmt":"2021-05-08T13:21:32","slug":"associations","status":"publish","type":"page","link":"https:\/\/jaussaud-expert.com\/index.php\/associations\/","title":{"rendered":"Associations"},"content":{"rendered":"\n<p>Les associations \u00e9voluent dans un environnement r\u00e9glementaire complexe :&nbsp;<strong>fiscalit\u00e9, l\u00e9gislation sociale, r\u00e9glementation juridique, gestion financi\u00e8re, \u2026<\/strong><\/p>\n\n\n\n<p>Je vous conseille pour&nbsp;:<strong><\/strong><\/p>\n\n\n\n<ul><li>La gestion de vos ressources,<\/li><li>L\u2019optimisation de vos charges de fonctionnement et l\u2019\u00e9laboration d\u2019un contr\u00f4le de tr\u00e9sorerie,<\/li><li>La bonne application de vos obligations fiscales et comptables<\/li><li>Votre gestion sociale,<\/li><li>R\u00e9aliser vos obligations juridiques et administratives.<\/li><\/ul>\n","protected":false},"excerpt":{"rendered":"<p>Les associations \u00e9voluent dans un environnement r\u00e9glementaire complexe :&nbsp;fiscalit\u00e9, l\u00e9gislation sociale, r\u00e9glementation juridique, gestion financi\u00e8re, \u2026 Je vous conseille pour&nbsp;: La gestion de vos ressources, L\u2019optimisation de vos charges de fonctionnement et l\u2019\u00e9laboration d\u2019un contr\u00f4le de tr\u00e9sorerie, La bonne application de vos obligations fiscales et comptables Votre gestion sociale, R\u00e9aliser vos obligations juridiques et administratives.<\/p>\n","protected":false},"author":1,"featured_media":0,"parent":0,"menu_order":0,"comment_status":"closed","ping_status":"closed","template":"","meta":[],"_links":{"self":[{"href":"https:\/\/jaussaud-expert.com\/index.php\/wp-json\/wp\/v2\/pages\/98"}],"collection":[{"href":"https:\/\/jaussaud-expert.com\/index.php\/wp-json\/wp\/v2\/pages"}],"about":[{"href":"https:\/\/jaussaud-expert.com\/index.php\/wp-json\/wp\/v2\/types\/page"}],"author":[{"embeddable":true,"href":"https:\/\/jaussaud-expert.com\/index.php\/wp-json\/wp\/v2\/users\/1"}],"replies":[{"embeddable":true,"href":"https:\/\/jaussaud-expert.com\/index.php\/wp-json\/wp\/v2\/comments?post=98"}],"version-history":[{"count":1,"href":"https:\/\/jaussaud-expert.com\/index.php\/wp-json\/wp\/v2\/pages\/98\/revisions"}],"predecessor-version":[{"id":99,"href":"https:\/\/jaussaud-expert.com\/index.php\/wp-json\/wp\/v2\/pages\/98\/revisions\/99"}],"wp:attachment":[{"href":"https:\/\/jaussaud-expert.com\/index.php\/wp-json\/wp\/v2\/media?parent=98"}],"curies":[{"name":"wp","href":"https:\/\/api.w.org\/{rel}","templated":true}]}}