{"id":71,"date":"2021-03-20T16:29:16","date_gmt":"2021-03-20T15:29:16","guid":{"rendered":"http:\/\/jaussaud-expert.com\/?page_id=71"},"modified":"2021-03-20T16:32:41","modified_gmt":"2021-03-20T15:32:41","slug":"commercants-artisans","status":"publish","type":"page","link":"https:\/\/jaussaud-expert.com\/index.php\/commercants-artisans\/","title":{"rendered":"Commer\u00e7ants \u2013 Artisans"},"content":{"rendered":"\n<p>C<strong>onseiller permanent de votre entreprise<\/strong> et je vous assiste dans tous ces domaines qui vous touchent de pr\u00e8s&nbsp;:&nbsp;<strong>am\u00e9lioration du r\u00e9sultat, fiscalit\u00e9, protection sociale, \u2026<\/strong><\/p>\n\n\n\n<p>Pour que vous puissiez vous concentrer sur votre m\u00e9tier, je joue l\u2019interm\u00e9diaire entre votre entreprise et ses diff\u00e9rents interlocuteurs (organismes financiers, sociaux, administration fiscale, \u2026.).<\/p>\n\n\n\n<p>Je vous assiste pour votre gestion\u00a0:<\/p>\n\n\n\n<ul><li><strong>Comptable, fiscale et gestion courante<\/strong>\u00a0: Tenue compl\u00e8te ou partag\u00e9e des comptes, r\u00e9vision de la comptabilit\u00e9, \u00e9tablissement de situations et de comptes annuels, conseils en gestion, \u00e9laboration de l\u2019ensemble de vos d\u00e9clarations fiscales, professionnelles et personnelles<\/li><li><strong>Sociale\u00a0<\/strong>: \u00e9laboration des d\u00e9clarations sociales, r\u00e9alisation des bulletins de salaires, formalit\u00e9s administratives lors de l\u2019embauche, ruptures de contrat de travail, cotisations sociales personnelles du dirigeant<\/li><li><strong>Juridique\u00a0<\/strong>: secr\u00e9tariat juridique annuel, r\u00e9dactions d\u2019assembl\u00e9es g\u00e9n\u00e9rales ordinaires et extraordinaires, modifications de statuts&#8230;<\/li><\/ul>\n\n\n\n<p><\/p>\n","protected":false},"excerpt":{"rendered":"<p>Conseiller permanent de votre entreprise et je vous assiste dans tous ces domaines qui vous touchent de pr\u00e8s&nbsp;:&nbsp;am\u00e9lioration du r\u00e9sultat, fiscalit\u00e9, protection sociale, \u2026 Pour que vous puissiez vous concentrer sur votre m\u00e9tier, je joue l\u2019interm\u00e9diaire entre votre entreprise et ses diff\u00e9rents interlocuteurs (organismes financiers, sociaux, administration fiscale, \u2026.). Je vous assiste pour votre gestion\u00a0:<br \/><a class=\"btn btn-theme post-btn\" href=\"https:\/\/jaussaud-expert.com\/index.php\/commercants-artisans\/\">Read More<\/a><\/p>\n","protected":false},"author":1,"featured_media":0,"parent":0,"menu_order":0,"comment_status":"closed","ping_status":"closed","template":"","meta":[],"_links":{"self":[{"href":"https:\/\/jaussaud-expert.com\/index.php\/wp-json\/wp\/v2\/pages\/71"}],"collection":[{"href":"https:\/\/jaussaud-expert.com\/index.php\/wp-json\/wp\/v2\/pages"}],"about":[{"href":"https:\/\/jaussaud-expert.com\/index.php\/wp-json\/wp\/v2\/types\/page"}],"author":[{"embeddable":true,"href":"https:\/\/jaussaud-expert.com\/index.php\/wp-json\/wp\/v2\/users\/1"}],"replies":[{"embeddable":true,"href":"https:\/\/jaussaud-expert.com\/index.php\/wp-json\/wp\/v2\/comments?post=71"}],"version-history":[{"count":3,"href":"https:\/\/jaussaud-expert.com\/index.php\/wp-json\/wp\/v2\/pages\/71\/revisions"}],"predecessor-version":[{"id":74,"href":"https:\/\/jaussaud-expert.com\/index.php\/wp-json\/wp\/v2\/pages\/71\/revisions\/74"}],"wp:attachment":[{"href":"https:\/\/jaussaud-expert.com\/index.php\/wp-json\/wp\/v2\/media?parent=71"}],"curies":[{"name":"wp","href":"https:\/\/api.w.org\/{rel}","templated":true}]}}