{"id":40,"date":"2021-03-20T15:12:29","date_gmt":"2021-03-20T14:12:29","guid":{"rendered":"http:\/\/jaussaud-expert.com\/?page_id=40"},"modified":"2021-03-20T15:28:27","modified_gmt":"2021-03-20T14:28:27","slug":"accueil","status":"publish","type":"page","link":"https:\/\/jaussaud-expert.com\/","title":{"rendered":"Pr\u00e9sentation"},"content":{"rendered":"\n<p>Expert-comptable ind\u00e9pendante, install\u00e9e \u00e0 Toulouse, dipl\u00f4m\u00e9e depuis 2017 et inscrite au tableau de l\u2019Ordre des Experts-Comptables d\u2019Occitanie, je mets mon savoir-faire au service des entrepreneurs, professions lib\u00e9rales, dirigeants de soci\u00e9t\u00e9s, cr\u00e9ateurs, associations, particuliers.<\/p>\n\n\n\n<p>Accessible, \u00e0 l\u2019\u00e9coute, tenue au secret professionnel, je vous propose un accompagnement sp\u00e9cialis\u00e9 dans la gestion de votre activit\u00e9, vos d\u00e9marches comptables, fiscales et administratives.<\/p>\n\n\n\n<p>Laura Jaussaud<br>Expert-comptable<br><em>Cabinet Jaussaud Expert Conseils<\/em><\/p>\n","protected":false},"excerpt":{"rendered":"<p>Expert-comptable ind\u00e9pendante, install\u00e9e \u00e0 Toulouse, dipl\u00f4m\u00e9e depuis 2017 et inscrite au tableau de l\u2019Ordre des Experts-Comptables d\u2019Occitanie, je mets mon savoir-faire au service des entrepreneurs, professions lib\u00e9rales, dirigeants de soci\u00e9t\u00e9s, cr\u00e9ateurs, associations, particuliers. Accessible, \u00e0 l\u2019\u00e9coute, tenue au secret professionnel, je vous propose un accompagnement sp\u00e9cialis\u00e9 dans la gestion de votre activit\u00e9, vos d\u00e9marches comptables,<br \/><a class=\"btn btn-theme post-btn\" href=\"https:\/\/jaussaud-expert.com\/\">Read More<\/a><\/p>\n","protected":false},"author":1,"featured_media":0,"parent":0,"menu_order":0,"comment_status":"closed","ping_status":"closed","template":"","meta":[],"_links":{"self":[{"href":"https:\/\/jaussaud-expert.com\/index.php\/wp-json\/wp\/v2\/pages\/40"}],"collection":[{"href":"https:\/\/jaussaud-expert.com\/index.php\/wp-json\/wp\/v2\/pages"}],"about":[{"href":"https:\/\/jaussaud-expert.com\/index.php\/wp-json\/wp\/v2\/types\/page"}],"author":[{"embeddable":true,"href":"https:\/\/jaussaud-expert.com\/index.php\/wp-json\/wp\/v2\/users\/1"}],"replies":[{"embeddable":true,"href":"https:\/\/jaussaud-expert.com\/index.php\/wp-json\/wp\/v2\/comments?post=40"}],"version-history":[{"count":4,"href":"https:\/\/jaussaud-expert.com\/index.php\/wp-json\/wp\/v2\/pages\/40\/revisions"}],"predecessor-version":[{"id":47,"href":"https:\/\/jaussaud-expert.com\/index.php\/wp-json\/wp\/v2\/pages\/40\/revisions\/47"}],"wp:attachment":[{"href":"https:\/\/jaussaud-expert.com\/index.php\/wp-json\/wp\/v2\/media?parent=40"}],"curies":[{"name":"wp","href":"https:\/\/api.w.org\/{rel}","templated":true}]}}