{"id":13,"date":"2021-03-20T15:05:50","date_gmt":"2021-03-20T14:05:50","guid":{"rendered":"http:\/\/jaussaud-expert.com\/?page_id=13"},"modified":"2021-05-08T16:54:14","modified_gmt":"2021-05-08T14:54:14","slug":"a-propos-de","status":"publish","type":"page","link":"https:\/\/jaussaud-expert.com\/index.php\/a-propos-de\/","title":{"rendered":"Nos Missions"},"content":{"rendered":"\n<div class=\"wp-block-columns missions ec-position-haut\">\n<div class=\"wp-block-column\">\n<h2>Missions comptables<\/h2>\n\n\n\n<hr class=\"wp-block-separator has-text-color has-background has-vivid-cyan-blue-background-color has-vivid-cyan-blue-color is-style-wide\"\/>\n\n\n\n<ul><li>Tenue de comptabilit\u00e9<\/li><li>Comptes annuels<\/li><li>Analyse de Bilan<\/li><li>Surveillance Comptabilit\u00e9<\/li><li>Pr\u00e9visionnel<\/li><li>Tableaux de Bord<\/li><li>Conseils Juridiques<\/li><\/ul>\n<\/div>\n\n\n\n<div class=\"wp-block-column\">\n<h2>Missions sociales<\/h2>\n\n\n\n<hr class=\"wp-block-separator is-style-wide\"\/>\n\n\n\n<ul><li>Contrats de travail<\/li><li>Bulletins de salaire<\/li><li>D\u00e9clarations sociales<\/li><li>Gestion de la Paie<\/li><li>Proc\u00e9dures Licenciements<\/li><li>\u00c9lections du personnel<\/li><li>Ruptures conventionnelles<\/li><\/ul>\n<\/div>\n\n\n\n<div class=\"wp-block-column\">\n<h2>Missions fiscales<\/h2>\n\n\n\n<hr class=\"wp-block-separator is-style-wide\"\/>\n\n\n\n<ul><li>D\u00e9clarations fiscales<\/li><li>TVA, CVAE, CFE<\/li><li>R\u00e9gime d&#8217;imposition<\/li><li>Imp\u00f4t sur le revenu<\/li><li>Imp\u00f4ts sur les soci\u00e9t\u00e9s<\/li><li>Calcul de l&#8217;imp\u00f4t<\/li><li>Optimisation de l&#8217;imp\u00f4t<\/li><\/ul>\n<\/div>\n\n\n\n<div class=\"wp-block-column\">\n<h2>Missions juridiques<\/h2>\n\n\n\n<hr class=\"wp-block-separator is-style-wide\"\/>\n\n\n\n<ul><li>R\u00e9daction de statuts<\/li><li>Assistance \u00e0 la cr\u00e9ation<\/li><li>R\u00e9alisation des formatlit\u00e9s<\/li><li>Assembl\u00e9es g\u00e9n\u00e9rales ordinaires &#8211; extraordinaires<\/li><li>Liquidation<\/li><\/ul>\n<\/div>\n<\/div>\n\n\n\n<div class=\"wp-block-columns\">\n<div class=\"wp-block-column\" style=\"flex-basis:100%\"><\/div>\n<\/div>\n\n\n\n<div class=\"wp-block-columns ec-position-haut has-white-color has-text-color has-background\" style=\"background-color:#0071a1\">\n<div class=\"wp-block-column\" style=\"flex-basis:66.67%\">\n<div class=\"wp-block-group\"><div class=\"wp-block-group__inner-container\">\n<div class=\"wp-block-group\"><div class=\"wp-block-group__inner-container\">\n<h2 class=\"has-white-color has-text-color has-background\" style=\"background-color:#0071a1\">Un expert-comptable, pour quoi faire ?<\/h2>\n<\/div><\/div>\n<\/div><\/div>\n\n\n\n<div class=\"wp-block-group alignwide\"><div class=\"wp-block-group__inner-container\">\n<div class=\"wp-block-group\"><div class=\"wp-block-group__inner-container\">\n<p class=\"has-text-align-left ec-texte-long has-white-color has-text-color has-background\" style=\"background-color:#0071a1\">Pourquoi dit-on de l\u2019expert-comptable qu\u2019il est le<strong>\u00a0\u00ab bras droit \u00bb du chef d\u2019entreprise<\/strong>\u00a0? Si l\u2019expression est bien entendu imag\u00e9e, elle signifie que son r\u00f4le est de faciliter la prise de d\u00e9cision du dirigeant dans bon nombre de domaines. L\u2019expert-comptable est alors le\u00a0<strong>conseiller privil\u00e9gi\u00e9<\/strong>\u00a0avec qui il est possible d\u2019\u00e9changer pour avancer et prendre les bonnes d\u00e9cisions au bon moment. Sa vision transversale des entreprises qu\u2019il accompagne lui conf\u00e8re un r\u00f4le strat\u00e9gique pour chacun des dirigeants dont il s\u2019occupe. Il est alors une sorte de<strong>\u00a0coach au quotidien<\/strong>. Le coach peut se transformer en m\u00e9decin de l\u2019entreprise quand celle-ci traverse une p\u00e9riode de turbulences ou de grandes difficult\u00e9s.<\/p>\n<\/div><\/div>\n<\/div><\/div>\n<\/div>\n\n\n\n<div class=\"wp-block-column\" style=\"flex-basis:50%\">\n<h2 class=\"has-white-color has-text-color has-background\" style=\"background-color:#0071a1\">Le parcours de l&#8217;entrepreneur<\/h2>\n\n\n\n<div class=\"wp-block-columns\">\n<div class=\"wp-block-column\">\n<ul><li>Mais par o\u00f9 commencer ?<\/li><li>J&#8217;ai besoin d&#8217;argent<\/li><li>Quel statut adopter ?<\/li><li>Les premiers clients, je m&#8217;organise<\/li><li>La compta, c&#8217;est compliqu\u00e9<\/li><li>Les premiers b\u00e9n\u00e9fices<\/li><li>Je recrute<\/li><li>En pleine croissance<\/li><\/ul>\n<\/div>\n\n\n\n<div class=\"wp-block-column\">\n<ul><li>J&#8217;ai la t\u00eate dans le guidon<\/li><li>J&#8217;ai besoin d&#8217;\u00eatre form\u00e9.<\/li><li>Je recherche des partenaires<\/li><li>Et si on se lan\u00e7ait \u00e0 l&#8217;export<\/li><li>Je rencontre des difficult\u00e9s<\/li><li>Il est temps de fermer non ?<\/li><li>Je passe la main<\/li><\/ul>\n<\/div>\n<\/div>\n<\/div>\n<\/div>\n","protected":false},"excerpt":{"rendered":"<p>Missions comptables Tenue de comptabilit\u00e9 Comptes annuels Analyse de Bilan Surveillance Comptabilit\u00e9 Pr\u00e9visionnel Tableaux de Bord Conseils Juridiques Missions sociales Contrats de travail Bulletins de salaire D\u00e9clarations sociales Gestion de la Paie Proc\u00e9dures Licenciements \u00c9lections du personnel Ruptures conventionnelles Missions fiscales D\u00e9clarations fiscales TVA, CVAE, CFE R\u00e9gime d&#8217;imposition Imp\u00f4t sur le revenu Imp\u00f4ts sur les<br \/><a class=\"btn btn-theme post-btn\" href=\"https:\/\/jaussaud-expert.com\/index.php\/a-propos-de\/\">Read More<\/a><\/p>\n","protected":false},"author":1,"featured_media":0,"parent":0,"menu_order":0,"comment_status":"closed","ping_status":"closed","template":"templates\/fullwidth.php","meta":[],"_links":{"self":[{"href":"https:\/\/jaussaud-expert.com\/index.php\/wp-json\/wp\/v2\/pages\/13"}],"collection":[{"href":"https:\/\/jaussaud-expert.com\/index.php\/wp-json\/wp\/v2\/pages"}],"about":[{"href":"https:\/\/jaussaud-expert.com\/index.php\/wp-json\/wp\/v2\/types\/page"}],"author":[{"embeddable":true,"href":"https:\/\/jaussaud-expert.com\/index.php\/wp-json\/wp\/v2\/users\/1"}],"replies":[{"embeddable":true,"href":"https:\/\/jaussaud-expert.com\/index.php\/wp-json\/wp\/v2\/comments?post=13"}],"version-history":[{"count":31,"href":"https:\/\/jaussaud-expert.com\/index.php\/wp-json\/wp\/v2\/pages\/13\/revisions"}],"predecessor-version":[{"id":141,"href":"https:\/\/jaussaud-expert.com\/index.php\/wp-json\/wp\/v2\/pages\/13\/revisions\/141"}],"wp:attachment":[{"href":"https:\/\/jaussaud-expert.com\/index.php\/wp-json\/wp\/v2\/media?parent=13"}],"curies":[{"name":"wp","href":"https:\/\/api.w.org\/{rel}","templated":true}]}}