{"id":100,"date":"2021-05-08T15:22:01","date_gmt":"2021-05-08T13:22:01","guid":{"rendered":"http:\/\/jaussaud-expert.com\/?page_id=100"},"modified":"2021-05-08T15:24:35","modified_gmt":"2021-05-08T13:24:35","slug":"dirigeants-de-pme-tpe","status":"publish","type":"page","link":"https:\/\/jaussaud-expert.com\/index.php\/dirigeants-de-pme-tpe\/","title":{"rendered":"Dirigeants de PME\/TPE"},"content":{"rendered":"\n<p>En tant que conseiller permanent du dirigeant d\u2019entreprise, je vous apporte des r\u00e9ponses ponctuelles et adapt\u00e9es aux diff\u00e9rents \u00e9v\u00e9nements de la vie de votre entreprise<strong> <\/strong>(sa cr\u00e9ation, son \u00e9volution, sa transformation, la cr\u00e9ation de nouvelles entit\u00e9s et \u00e0 terme la transmission).<\/p>\n\n\n\n<p>Je vous assiste pour votre gestion&nbsp;:<\/p>\n\n\n\n<ul><li><strong>Comptable, fiscale et gestion courante\u00a0:<\/strong> Tenue compl\u00e8te ou partag\u00e9e des comptes, r\u00e9vision de la comptabilit\u00e9, \u00e9tablissement de situations et de comptes annuels, conseils en gestion, \u00e9laboration de l\u2019ensemble de vos d\u00e9clarations fiscales, professionnelles et personnelles<\/li><li><strong>Sociale\u00a0: <\/strong>\u00e9laboration des d\u00e9clarations sociales, r\u00e9alisation des bulletins de salaires, formalit\u00e9s administratives lors de l\u2019embauche, ruptures de contrat de travail, cotisations sociales personnelles du dirigeant<\/li><li><strong>Juridique\u00a0: <\/strong>secr\u00e9tariat juridique annuel, r\u00e9dactions d\u2019assembl\u00e9es g\u00e9n\u00e9rales ordinaires et extraordinaires, modifications de statuts&#8230;<\/li><\/ul>\n","protected":false},"excerpt":{"rendered":"<p>En tant que conseiller permanent du dirigeant d\u2019entreprise, je vous apporte des r\u00e9ponses ponctuelles et adapt\u00e9es aux diff\u00e9rents \u00e9v\u00e9nements de la vie de votre entreprise (sa cr\u00e9ation, son \u00e9volution, sa transformation, la cr\u00e9ation de nouvelles entit\u00e9s et \u00e0 terme la transmission). Je vous assiste pour votre gestion&nbsp;: Comptable, fiscale et gestion courante\u00a0: Tenue compl\u00e8te ou<br \/><a class=\"btn btn-theme post-btn\" href=\"https:\/\/jaussaud-expert.com\/index.php\/dirigeants-de-pme-tpe\/\">Read More<\/a><\/p>\n","protected":false},"author":1,"featured_media":0,"parent":0,"menu_order":0,"comment_status":"closed","ping_status":"closed","template":"","meta":[],"_links":{"self":[{"href":"https:\/\/jaussaud-expert.com\/index.php\/wp-json\/wp\/v2\/pages\/100"}],"collection":[{"href":"https:\/\/jaussaud-expert.com\/index.php\/wp-json\/wp\/v2\/pages"}],"about":[{"href":"https:\/\/jaussaud-expert.com\/index.php\/wp-json\/wp\/v2\/types\/page"}],"author":[{"embeddable":true,"href":"https:\/\/jaussaud-expert.com\/index.php\/wp-json\/wp\/v2\/users\/1"}],"replies":[{"embeddable":true,"href":"https:\/\/jaussaud-expert.com\/index.php\/wp-json\/wp\/v2\/comments?post=100"}],"version-history":[{"count":2,"href":"https:\/\/jaussaud-expert.com\/index.php\/wp-json\/wp\/v2\/pages\/100\/revisions"}],"predecessor-version":[{"id":111,"href":"https:\/\/jaussaud-expert.com\/index.php\/wp-json\/wp\/v2\/pages\/100\/revisions\/111"}],"wp:attachment":[{"href":"https:\/\/jaussaud-expert.com\/index.php\/wp-json\/wp\/v2\/media?parent=100"}],"curies":[{"name":"wp","href":"https:\/\/api.w.org\/{rel}","templated":true}]}}